{"id":23,"date":"2023-04-29T11:51:54","date_gmt":"2023-04-29T11:51:54","guid":{"rendered":"https:\/\/brazino777.uxegor.com\/?page_id=23"},"modified":"2023-12-07T08:28:08","modified_gmt":"2023-12-07T08:28:08","slug":"terms-and-conditions","status":"publish","type":"page","link":"https:\/\/flyxpartners.com\/es\/terms-and-conditions\/","title":{"rendered":"T\u00e9rminos y condiciones"},"content":{"rendered":"<div data-elementor-type=\"wp-page\" data-elementor-id=\"23\" class=\"elementor elementor-23\" data-elementor-post-type=\"page\">\n\t\t\t\t\t\t<section class=\"elementor-section elementor-top-section elementor-element elementor-element-98c4782 elementor-section-boxed elementor-section-height-default elementor-section-height-default\" data-id=\"98c4782\" data-element_type=\"section\">\n\t\t\t\t\t\t<div class=\"elementor-container elementor-column-gap-default\">\n\t\t\t\t\t<div class=\"elementor-column elementor-col-100 elementor-top-column elementor-element elementor-element-23b3c34\" data-id=\"23b3c34\" data-element_type=\"column\">\n\t\t\t<div class=\"elementor-widget-wrap elementor-element-populated\">\n\t\t\t\t\t\t<div class=\"elementor-element elementor-element-cb2244e elementor-widget elementor-widget-text-editor\" data-id=\"cb2244e\" data-element_type=\"widget\" data-widget_type=\"text-editor.default\">\n\t\t\t\t<div class=\"elementor-widget-container\">\n\t\t\t<style>\/*! elementor - v3.19.0 - 29-01-2024 *\/\n.elementor-widget-text-editor.elementor-drop-cap-view-stacked .elementor-drop-cap{background-color:#69727d;color:#fff}.elementor-widget-text-editor.elementor-drop-cap-view-framed .elementor-drop-cap{color:#69727d;border:3px solid;background-color:transparent}.elementor-widget-text-editor:not(.elementor-drop-cap-view-default) .elementor-drop-cap{margin-top:8px}.elementor-widget-text-editor:not(.elementor-drop-cap-view-default) .elementor-drop-cap-letter{width:1em;height:1em}.elementor-widget-text-editor .elementor-drop-cap{float:left;text-align:center;line-height:1;font-size:50px}.elementor-widget-text-editor .elementor-drop-cap-letter{display:inline-block}<\/style>\t\t\t\t<h2>T\u00e9rminos y condiciones<\/h2>\t\t\t\t\t\t<\/div>\n\t\t\t\t<\/div>\n\t\t\t\t\t<\/div>\n\t\t<\/div>\n\t\t\t\t\t<\/div>\n\t\t<\/section>\n\t\t\t\t<section class=\"elementor-section elementor-top-section elementor-element elementor-element-f9331f8 elementor-section-boxed elementor-section-height-default elementor-section-height-default\" data-id=\"f9331f8\" data-element_type=\"section\">\n\t\t\t\t\t\t<div class=\"elementor-container elementor-column-gap-default\">\n\t\t\t\t\t<div class=\"elementor-column elementor-col-100 elementor-top-column elementor-element elementor-element-e4268ef\" data-id=\"e4268ef\" data-element_type=\"column\">\n\t\t\t<div class=\"elementor-widget-wrap elementor-element-populated\">\n\t\t\t\t\t\t<div class=\"elementor-element elementor-element-caec8d7 elementor-widget elementor-widget-text-editor\" data-id=\"caec8d7\" data-element_type=\"widget\" data-widget_type=\"text-editor.default\">\n\t\t\t\t<div class=\"elementor-widget-container\">\n\t\t\t\t\t\t\t<p><b>1- Objetivo y Alcance:<\/b><span style=\"font-weight: 400;\"> La plataforma est\u00e1 dedicada a monetizar contenido en redes sociales como TikTok, YouTube Shorts e Instagram Reels en Brasil. Los usuarios generan ingresos incorporando c\u00f3digos de seguimiento en su contenido\u200b\u200b.<\/span><\/p><p>\u00a0<\/p><p><b>2- Eligibility:<\/b><span style=\"font-weight: 400;\"> Para participar, los usuarios deben ser creadores de contenido activos en las redes sociales mencionadas y cumplir con todos los requisitos legales aplicables.<\/span><\/p><p>\u00a0<\/p><p><b>3- Monetizaci\u00f3n y Pagos:<\/b><span style=\"font-weight: 400;\"> Las ganancias se basan en el n\u00famero de visualizaciones del contenido. La plataforma promete pagos regulares y ofrece tarifas de comisi\u00f3n atractivas\u200b\u200b\u200b\u200b\u200b\u200b. Los detalles espec\u00edficos de pago, incluyendo los umbrales de pago m\u00ednimo y los horarios, se comunicar\u00e1n a los usuarios.<\/span><\/p><p>\u00a0<\/p><p><b>4- Gesti\u00f3n Personal y Soporte:<\/b><span style=\"font-weight: 400;\"> La plataforma ofrece gerentes personales y soporte dedicado para ayudar a los usuarios a optimizar su contenido y maximizar sus ganancias\u200b\u200b\u200b\u200b.<\/span><\/p><p>\u00a0<\/p><p><b>5- Material Promocional y Anuncios: <\/b><span style=\"font-weight: 400;\">Los usuarios tienen acceso a materiales promocionales y diferentes tipos de anuncios (banners, logos y pre-rolls) para integrar en su contenido\u200b\u200b\u200b\u200b.<\/span><\/p><p>\u00a0<\/p><p><b>6- Uso del C\u00f3digo de Seguimiento:<\/b><span style=\"font-weight: 400;\"> Se proporciona un c\u00f3digo de seguimiento a los usuarios para monitorear las visualizaciones y calcular las ganancias\u200b\u200b.<\/span><\/p><p>\u00a0<\/p><p><b>7- Responsabilidades del Usuario:<\/b><span style=\"font-weight: 400;\"> Los usuarios son responsables de asegurar que todo el contenido publicado cumpla con las leyes de derechos de autor y propiedad intelectual.<\/span><\/p><p>\u00a0<\/p><p><b>8- Privacidad y Datos: <\/b><span style=\"font-weight: 400;\">La plataforma se compromete a proteger la privacidad y los datos de los usuarios, utiliz\u00e1ndolos solo para fines de operaci\u00f3n de la plataforma.<\/span><\/p><p>\u00a0<\/p><p><b>9- Cambios en los T\u00e9rminos: <\/b><span style=\"font-weight: 400;\">La plataforma se reserva el derecho de cambiar estos t\u00e9rminos en cualquier momento, con previo aviso a los usuarios.<\/span><\/p><p>\u00a0<\/p><p><b>10- Terminaci\u00f3n y Suspensi\u00f3n:<\/b><span style=\"font-weight: 400;\"> La plataforma puede suspender o terminar la asociaci\u00f3n si se identifican violaciones de los t\u00e9rminos, mal uso del c\u00f3digo de seguimiento u otras actividades fraudulentas.<\/span><\/p><p>\u00a0<\/p><p><b>11- Resoluci\u00f3n de Disputas:<\/b><span style=\"font-weight: 400;\"> Cualquier disputa relacionada con el uso de la plataforma se resolver\u00e1 de acuerdo con las leyes brasile\u00f1as.<\/span><\/p><p>\u00a0<\/p><p><b>12- Aceptaci\u00f3n de los T\u00e9rminos: <\/b><span style=\"font-weight: 400;\">Al usar la plataforma, los usuarios aceptan todos los t\u00e9rminos y condiciones establecidos aqu\u00ed.<\/span><\/p>\t\t\t\t\t\t<\/div>\n\t\t\t\t<\/div>\n\t\t\t\t\t<\/div>\n\t\t<\/div>\n\t\t\t\t\t<\/div>\n\t\t<\/section>\n\t\t\t\t<\/div>","protected":false},"excerpt":{"rendered":"<p>Terms &amp; Conditions 1- Purpose and Scope: The platform is dedicated to monetizing content on social networks like TikTok, YouTube Shorts, and Instagram Reels in Brazil. Users generate income by embedding tracking codes into their content\u200b\u200b. \u00a0 2- Eligibility: To participate, users must be active content creators on the mentioned social networks and comply with [&hellip;]<\/p>","protected":false},"author":1,"featured_media":0,"parent":0,"menu_order":0,"comment_status":"closed","ping_status":"closed","template":"","meta":{"footnotes":"","_joinchat":[]},"yoast_head":"<!-- This site is optimized with the Yoast SEO plugin v21.9.1 - https:\/\/yoast.com\/wordpress\/plugins\/seo\/ -->\n<title>Terms and Conditions - Top Of The World<\/title>\n<meta name=\"robots\" content=\"index, follow, max-snippet:-1, max-image-preview:large, max-video-preview:-1\" \/>\n<link rel=\"canonical\" href=\"https:\/\/flyxpartners.com\/es\/terms-and-conditions\/\" \/>\n<meta property=\"og:locale\" content=\"es_ES\" \/>\n<meta property=\"og:type\" content=\"article\" \/>\n<meta property=\"og:title\" content=\"Terms and Conditions - Top Of The World\" \/>\n<meta property=\"og:description\" content=\"Terms &amp; Conditions 1- Purpose and Scope: The platform is dedicated to monetizing content on social networks like TikTok, YouTube Shorts, and Instagram Reels in Brazil. Users generate income by embedding tracking codes into their content\u200b\u200b. \u00a0 2- Eligibility: To participate, users must be active content creators on the mentioned social networks and comply with [&hellip;]\" \/>\n<meta property=\"og:url\" content=\"https:\/\/flyxpartners.com\/es\/terms-and-conditions\/\" \/>\n<meta property=\"og:site_name\" content=\"Top Of The World\" \/>\n<meta property=\"article:modified_time\" content=\"2023-12-07T08:28:08+00:00\" \/>\n<meta name=\"twitter:card\" content=\"summary_large_image\" \/>\n<meta name=\"twitter:label1\" content=\"Tiempo de lectura\" \/>\n\t<meta name=\"twitter:data1\" content=\"2 minutos\" \/>\n<script type=\"application\/ld+json\" class=\"yoast-schema-graph\">{\"@context\":\"https:\/\/schema.org\",\"@graph\":[{\"@type\":\"WebPage\",\"@id\":\"https:\/\/flyxpartners.com\/terms-and-conditions\/\",\"url\":\"https:\/\/flyxpartners.com\/terms-and-conditions\/\",\"name\":\"Terms and Conditions - Top Of The World\",\"isPartOf\":{\"@id\":\"https:\/\/flyxpartners.com\/#website\"},\"datePublished\":\"2023-04-29T11:51:54+00:00\",\"dateModified\":\"2023-12-07T08:28:08+00:00\",\"breadcrumb\":{\"@id\":\"https:\/\/flyxpartners.com\/terms-and-conditions\/#breadcrumb\"},\"inLanguage\":\"es\",\"potentialAction\":[{\"@type\":\"ReadAction\",\"target\":[\"https:\/\/flyxpartners.com\/terms-and-conditions\/\"]}]},{\"@type\":\"BreadcrumbList\",\"@id\":\"https:\/\/flyxpartners.com\/terms-and-conditions\/#breadcrumb\",\"itemListElement\":[{\"@type\":\"ListItem\",\"position\":1,\"name\":\"Home\",\"item\":\"https:\/\/flyxpartners.com\/\"},{\"@type\":\"ListItem\",\"position\":2,\"name\":\"Terms and Conditions\"}]},{\"@type\":\"WebSite\",\"@id\":\"https:\/\/flyxpartners.com\/#website\",\"url\":\"https:\/\/flyxpartners.com\/\",\"name\":\"Top Of The World\",\"description\":\"\",\"publisher\":{\"@id\":\"https:\/\/flyxpartners.com\/#organization\"},\"potentialAction\":[{\"@type\":\"SearchAction\",\"target\":{\"@type\":\"EntryPoint\",\"urlTemplate\":\"https:\/\/flyxpartners.com\/?s={search_term_string}\"},\"query-input\":\"required name=search_term_string\"}],\"inLanguage\":\"es\"},{\"@type\":\"Organization\",\"@id\":\"https:\/\/flyxpartners.com\/#organization\",\"name\":\"Top Of The World\",\"url\":\"https:\/\/flyxpartners.com\/\",\"logo\":{\"@type\":\"ImageObject\",\"inLanguage\":\"es\",\"@id\":\"https:\/\/flyxpartners.com\/#\/schema\/logo\/image\/\",\"url\":\"https:\/\/flyxpartners.com\/wp-content\/uploads\/2023\/05\/logo.svg\",\"contentUrl\":\"https:\/\/flyxpartners.com\/wp-content\/uploads\/2023\/05\/logo.svg\",\"width\":388,\"height\":103,\"caption\":\"Top Of The World\"},\"image\":{\"@id\":\"https:\/\/flyxpartners.com\/#\/schema\/logo\/image\/\"}}]}<\/script>\n<!-- \/ Yoast SEO plugin. -->","yoast_head_json":{"title":"Terms and Conditions - Top Of The World","robots":{"index":"index","follow":"follow","max-snippet":"max-snippet:-1","max-image-preview":"max-image-preview:large","max-video-preview":"max-video-preview:-1"},"canonical":"https:\/\/flyxpartners.com\/es\/terms-and-conditions\/","og_locale":"es_ES","og_type":"article","og_title":"Terms and Conditions - Top Of The World","og_description":"Terms &amp; Conditions 1- Purpose and Scope: The platform is dedicated to monetizing content on social networks like TikTok, YouTube Shorts, and Instagram Reels in Brazil. Users generate income by embedding tracking codes into their content\u200b\u200b. \u00a0 2- Eligibility: To participate, users must be active content creators on the mentioned social networks and comply with [&hellip;]","og_url":"https:\/\/flyxpartners.com\/es\/terms-and-conditions\/","og_site_name":"Top Of The World","article_modified_time":"2023-12-07T08:28:08+00:00","twitter_card":"summary_large_image","twitter_misc":{"Tiempo de lectura":"2 minutos"},"schema":{"@context":"https:\/\/schema.org","@graph":[{"@type":"WebPage","@id":"https:\/\/flyxpartners.com\/terms-and-conditions\/","url":"https:\/\/flyxpartners.com\/terms-and-conditions\/","name":"Terms and Conditions - Top Of The World","isPartOf":{"@id":"https:\/\/flyxpartners.com\/#website"},"datePublished":"2023-04-29T11:51:54+00:00","dateModified":"2023-12-07T08:28:08+00:00","breadcrumb":{"@id":"https:\/\/flyxpartners.com\/terms-and-conditions\/#breadcrumb"},"inLanguage":"es","potentialAction":[{"@type":"ReadAction","target":["https:\/\/flyxpartners.com\/terms-and-conditions\/"]}]},{"@type":"BreadcrumbList","@id":"https:\/\/flyxpartners.com\/terms-and-conditions\/#breadcrumb","itemListElement":[{"@type":"ListItem","position":1,"name":"Home","item":"https:\/\/flyxpartners.com\/"},{"@type":"ListItem","position":2,"name":"Terms and Conditions"}]},{"@type":"WebSite","@id":"https:\/\/flyxpartners.com\/#website","url":"https:\/\/flyxpartners.com\/","name":"Top Of The World","description":"","publisher":{"@id":"https:\/\/flyxpartners.com\/#organization"},"potentialAction":[{"@type":"SearchAction","target":{"@type":"EntryPoint","urlTemplate":"https:\/\/flyxpartners.com\/?s={search_term_string}"},"query-input":"required name=search_term_string"}],"inLanguage":"es"},{"@type":"Organization","@id":"https:\/\/flyxpartners.com\/#organization","name":"Top Of The World","url":"https:\/\/flyxpartners.com\/","logo":{"@type":"ImageObject","inLanguage":"es","@id":"https:\/\/flyxpartners.com\/#\/schema\/logo\/image\/","url":"https:\/\/flyxpartners.com\/wp-content\/uploads\/2023\/05\/logo.svg","contentUrl":"https:\/\/flyxpartners.com\/wp-content\/uploads\/2023\/05\/logo.svg","width":388,"height":103,"caption":"Top Of The World"},"image":{"@id":"https:\/\/flyxpartners.com\/#\/schema\/logo\/image\/"}}]}},"_links":{"self":[{"href":"https:\/\/flyxpartners.com\/es\/wp-json\/wp\/v2\/pages\/23"}],"collection":[{"href":"https:\/\/flyxpartners.com\/es\/wp-json\/wp\/v2\/pages"}],"about":[{"href":"https:\/\/flyxpartners.com\/es\/wp-json\/wp\/v2\/types\/page"}],"author":[{"embeddable":true,"href":"https:\/\/flyxpartners.com\/es\/wp-json\/wp\/v2\/users\/1"}],"replies":[{"embeddable":true,"href":"https:\/\/flyxpartners.com\/es\/wp-json\/wp\/v2\/comments?post=23"}],"version-history":[{"count":4,"href":"https:\/\/flyxpartners.com\/es\/wp-json\/wp\/v2\/pages\/23\/revisions"}],"predecessor-version":[{"id":897,"href":"https:\/\/flyxpartners.com\/es\/wp-json\/wp\/v2\/pages\/23\/revisions\/897"}],"wp:attachment":[{"href":"https:\/\/flyxpartners.com\/es\/wp-json\/wp\/v2\/media?parent=23"}],"curies":[{"name":"wp","href":"https:\/\/api.w.org\/{rel}","templated":true}]}}